{"id":28,"date":"2025-01-17T18:17:54","date_gmt":"2025-01-17T17:17:54","guid":{"rendered":"https:\/\/constellats.cat\/politica-de-privacidad\/"},"modified":"2025-05-12T10:21:01","modified_gmt":"2025-05-12T08:21:01","slug":"politica-de-privacidad","status":"publish","type":"page","link":"https:\/\/constellats.cat\/es\/politica-de-privacidad\/","title":{"rendered":"Pol\u00edtica de privacidad"},"content":{"rendered":"<p>[et_pb_section fb_built=\u00bb1&#8243; custom_padding_last_edited=\u00bbon|phone\u00bb _builder_version=\u00bb4.27.4&#8243; _module_preset=\u00bbdefault\u00bb background_image=\u00bbhttps:\/\/constellats.cat\/wp-content\/uploads\/2025\/02\/fons-header-constellats.jpg\u00bb custom_padding=\u00bb100px||||false|false\u00bb custom_padding_tablet=\u00bb100px||||false|false\u00bb custom_padding_phone=\u00bb40px||||false|false\u00bb global_colors_info=\u00bb{}\u00bb][et_pb_row _builder_version=\u00bb4.27.4&#8243; _module_preset=\u00bbdefault\u00bb global_colors_info=\u00bb{}\u00bb][et_pb_column type=\u00bb4_4&#8243; _builder_version=\u00bb4.27.4&#8243; _module_preset=\u00bbdefault\u00bb global_colors_info=\u00bb{}\u00bb][et_pb_text _builder_version=\u00bb4.27.4&#8243; _module_preset=\u00bbdefault\u00bb header_text_align=\u00bbcenter\u00bb header_text_color=\u00bb#FFFFFF\u00bb header_font_size=\u00bb64px\u00bb header_font_size_tablet=\u00bb64px\u00bb header_font_size_phone=\u00bb42px\u00bb header_font_size_last_edited=\u00bbon|phone\u00bb global_colors_info=\u00bb{}\u00bb]<\/p>\n<h1>Pol\u00edtica de privacidad<\/h1>\n<p>[\/et_pb_text][\/et_pb_column][\/et_pb_row][\/et_pb_section][et_pb_section fb_built=\u00bb1&#8243; _builder_version=\u00bb4.27.4&#8243; _module_preset=\u00bbdefault\u00bb global_colors_info=\u00bb{}\u00bb][et_pb_row _builder_version=\u00bb4.27.4&#8243; _module_preset=\u00bbdefault\u00bb custom_css_main_element=\u00bbdisplay: flex;||flex-wrap: wrap;||align-items: center;\u00bb global_colors_info=\u00bb{}\u00bb][et_pb_column type=\u00bb4_4&#8243; _builder_version=\u00bb4.27.4&#8243; _module_preset=\u00bbdefault\u00bb global_colors_info=\u00bb{}\u00bb][et_pb_text _builder_version=\u00bb4.27.4&#8243; _module_preset=\u00bbdefault\u00bb text_font=\u00bb|300|||||||\u00bb header_2_text_color=\u00bb#BF3324&#8243; global_colors_info=\u00bb{}\u00bb]<\/p>\n<p lang=\"ca-ES\" class=\"western\"><span><span lang=\"es-ES\">La confidencialidad y la seguridad son valores primordiales de CONSTEL\u00b7LATS<\/span><\/span><span><span lang=\"es-ES\">\u00a0y, en consecuencia, asumimos el compromiso de garantizar la privacidad del Usuario en todo momento y de no recabar informaci\u00f3n innecesaria. A continuaci\u00f3n, le proporcionamos toda la informaci\u00f3n necesaria sobre nuestra Pol\u00edtica de Privacidad en relaci\u00f3n con los datos personales que recabamos, explic\u00e1ndole:<\/span><\/span><\/p>\n<p><\/p>\n<ul>\n<li>\n<p lang=\"ca-ES\"><span><span lang=\"es-ES\">Qui\u00e9n es el responsable del tratamiento de sus datos.<\/span><\/span><\/p>\n<\/li>\n<li>\n<p lang=\"ca-ES\"><span><span lang=\"es-ES\">Para qu\u00e9 finalidades recabamos los datos que le solicitamos.<\/span><\/span><\/p>\n<\/li>\n<li>\n<p lang=\"ca-ES\"><span><span lang=\"es-ES\">Cu\u00e1l es la legitimaci\u00f3n para su tratamiento.<\/span><\/span><\/p>\n<\/li>\n<li>\n<p lang=\"ca-ES\"><span><span lang=\"es-ES\">Durante cu\u00e1nto tiempo los conservamos.<\/span><\/span><\/p>\n<\/li>\n<li>\n<p lang=\"ca-ES\"><span><span lang=\"es-ES\">A qu\u00e9 destinatarios se comunican sus datos.<\/span><\/span><\/p>\n<\/li>\n<li>\n<p lang=\"ca-ES\"><span><span lang=\"es-ES\">Cu\u00e1les son sus derechos.<\/span><\/span><\/p>\n<\/li>\n<\/ul>\n<p><\/p>\n<p><span><span lang=\"es-ES\"><\/span><\/span><\/p>\n<p><\/p>\n<p lang=\"ca-ES\" class=\"western\"><span><span lang=\"es-ES\"><b>Responsable<\/b><\/span><\/span><span><span lang=\"es-ES\">:<\/span><\/span><\/p>\n<p><\/p>\n<p lang=\"ca-ES\" class=\"western\"><span>Alba Dom\u00e8nech\u00a0<\/span><span><span lang=\"es-ES\">(39900000A<\/span><\/span><span><span lang=\"es-ES\">)<\/span><\/span><\/p>\n<p><\/p>\n<p lang=\"ca-ES\" class=\"western\">DIRECCI\u00d3N POSTAL<\/p>\n<p><\/p>\n<p lang=\"ca-ES\" class=\"western\"><a href=\"mailto:albadg@gmail.com\">albadg@gmail.com<\/a><\/p>\n<p><\/p>\n<p lang=\"ca-ES\" class=\"western\">\n<p lang=\"ca-ES\" class=\"western\"><span><span lang=\"es-ES\"><b>Finalidades, legitimaci\u00f3n y conservaci\u00f3n de los tratamientos de los datos enviados a trav\u00e9s de<\/b><\/span><\/span><span><span lang=\"es-ES\"><b>:<\/b><\/span><\/span><\/p>\n<p><\/p>\n<p lang=\"ca-ES\" class=\"western\"><span><span lang=\"es-ES\"><u><b>FORMULARIO DE REGISTRO:<\/b><\/u><\/span><\/span><\/p>\n<p><\/p>\n<ul>\n<li>\n<p lang=\"ca-ES\"><span><span lang=\"es-ES\"><b>Finalidad:<\/b><\/span><\/span><span><span lang=\"es-ES\">\u00a0Darle de alta como usuario y permitirle el acceso a los servicios reservados a usuarios registrados de nuestra web e informarle de nuestros productos y servicios, as\u00ed como enviarle comunicaciones comerciales de nuestros productos y servicios inclusive por medios electr\u00f3nicos.<\/span><\/span><\/p>\n<\/li>\n<li>\n<p lang=\"ca-ES\"><span><span lang=\"es-ES\"><b>Legitimaci\u00f3n:<\/b><\/span><\/span><span><span lang=\"es-ES\">\u00a0Consentimiento del usuario. Inter\u00e9s leg\u00edtimo del responsable en mantener informados a sus clientes sobre sus productos y servicios.<\/span><\/span><\/p>\n<\/li>\n<li>\n<p lang=\"ca-ES\"><span><span lang=\"es-ES\"><b>Conservaci\u00f3n:<\/b><\/span><\/span><span><span lang=\"es-ES\">\u00a0Hasta que el usuario registrado solicite su baja y posteriormente durante los plazos legalmente previstos. Env\u00edos comerciales: hasta que el usuario solicite su baja.<\/span><\/span><\/p>\n<\/li>\n<\/ul>\n<p><\/p>\n<p lang=\"ca-ES\" class=\"western\"><span><span lang=\"es-ES\"><u><b>FORMULARIO DE COMPRA:<\/b><\/u><\/span><\/span><\/p>\n<p><\/p>\n<ul>\n<li>\n<p lang=\"ca-ES\"><span><span lang=\"es-ES\"><b>Finalidad:<\/b><\/span><\/span><span><span lang=\"es-ES\">\u00a0Gestionar sus pedidos de compra e informarle de nuestros productos y servicios, inclusive por medios electr\u00f3nicos.<\/span><\/span><\/p>\n<\/li>\n<li>\n<p lang=\"ca-ES\"><span><span lang=\"es-ES\"><b>Legitimaci\u00f3n:<\/b><\/span><\/span><span><span lang=\"es-ES\">\u00a0Ejecuci\u00f3n del contrato de venta e inter\u00e9s leg\u00edtimo para informar a nuestros clientes sobre nuestros productos y servicios.<\/span><\/span><\/p>\n<\/li>\n<li>\n<p lang=\"ca-ES\"><span><span lang=\"es-ES\"><b>Conservaci\u00f3n:<\/b><\/span><\/span><span><span lang=\"es-ES\">\u00a0Mientras dure la relaci\u00f3n contractual y, finalizada esta, durante los plazos de conservaci\u00f3n exigidos legalmente para atender eventuales responsabilidades y posteriormente durante los plazos legalmente previstos. Env\u00edos comerciales: hasta que el usuario solicite su baja.<\/span><\/span><\/p>\n<\/li>\n<\/ul>\n<p><\/p>\n<p lang=\"ca-ES\" class=\"western\"><span><span lang=\"es-ES\"><u><b>ENV\u00cdO DE CORREOS ELECTR\u00d3NICOS:<\/b><\/u><\/span><\/span><\/p>\n<p><\/p>\n<ul>\n<li>\n<p lang=\"ca-ES\"><span><span lang=\"es-ES\"><b>Finalidad:<\/b><\/span><\/span><span><span lang=\"es-ES\">\u00a0Contestar a sus solicitudes de informaci\u00f3n, atender sus peticiones y responder sus consultas o dudas.<\/span><\/span><\/p>\n<\/li>\n<li>\n<p lang=\"ca-ES\"><span><span lang=\"es-ES\"><b>Legitimaci\u00f3n:<\/b><\/span><\/span><span><span lang=\"es-ES\">\u00a0El consentimiento del usuario al solicitarnos informaci\u00f3n a trav\u00e9s de la direcci\u00f3n de correo electr\u00f3nico.<\/span><\/span><\/p>\n<\/li>\n<li>\n<p lang=\"ca-ES\"><span><span lang=\"es-ES\"><b>Conservaci\u00f3n:<\/b><\/span><\/span><span><span lang=\"es-ES\">\u00a0Hasta una vez contestada su petici\u00f3n por correo electr\u00f3nico, si no ha generado un nuevo tratamiento.<\/span><\/span><\/p>\n<\/li>\n<\/ul>\n<p><\/p>\n<p lang=\"ca-ES\" class=\"western\"><span><span lang=\"es-ES\"><u><b>SUSCRIPCI\u00d3N A NUESTRA NEWSLETTER:<\/b><\/u><\/span><\/span><\/p>\n<p><\/p>\n<ul>\n<li>\n<p lang=\"ca-ES\"><span><span lang=\"es-ES\"><b>Finalidad:<\/b><\/span><\/span><span><span lang=\"es-ES\">\u00a0Env\u00edo de nuestro bolet\u00edn comercial y de comunicaciones informativas y publicitarias sobre nuestros productos o servicios que sean de su inter\u00e9s, incluso por medios electr\u00f3nicos.<\/span><\/span><\/p>\n<\/li>\n<li>\n<p lang=\"ca-ES\"><span><span lang=\"es-ES\"><b>Legitimaci\u00f3n:<\/b><\/span><\/span><span><span lang=\"es-ES\">\u00a0El consentimiento del usuario al suscribirse a nuestros env\u00edos comerciales y\/o newsletters.<\/span><\/span><\/p>\n<\/li>\n<li>\n<p lang=\"ca-ES\"><span><span lang=\"es-ES\"><b>Conservaci\u00f3n:<\/b><\/span><\/span><span><span lang=\"es-ES\">\u00a0Hasta que el interesado revoque el consentimiento y solicite la baja del servicio.<\/span><\/span><\/p>\n<\/li>\n<\/ul>\n<p><\/p>\n<p lang=\"ca-ES\" class=\"western\"><span><span lang=\"es-ES\"><br \/><\/span><\/span><span><span lang=\"es-ES\"><b>Obligaci\u00f3n de facilitarnos sus datos personales y consecuencias de no hacerlo.<\/b><\/span><\/span><\/p>\n<p><\/p>\n<p lang=\"ca-ES\" class=\"western\"><span><span lang=\"es-ES\">El suministro de datos personales requiere una edad m\u00ednima de 14 a\u00f1os, o en su caso, disponer de capacidad jur\u00eddica suficiente para contratar.<\/span><\/span><\/p>\n<p><\/p>\n<p lang=\"ca-ES\" class=\"western\"><span><span lang=\"es-ES\">Los datos personales solicitados son necesarios para gestionar sus solicitudes y\/o prestarle los servicios que pueda contratar, por lo que, si no nos los facilita, no podremos atenderle correctamente ni prestarle el servicio que ha solicitado.<\/span><\/span><\/p>\n<p><\/p>\n<p lang=\"ca-ES\" class=\"western\"><span><span lang=\"es-ES\"><b>Destinatarios de sus datos<\/b><\/span><\/span><\/p>\n<p><\/p>\n<p lang=\"ca-ES\" class=\"western\"><span><span lang=\"es-ES\">Sus datos son confidenciales y no se ceder\u00e1n a terceros, salvo que exista obligaci\u00f3n legal.<\/span><\/span><\/p>\n<p><\/p>\n<p lang=\"ca-ES\" class=\"western\"><span><span lang=\"es-ES\"><b>Derechos en relaci\u00f3n con sus datos personales<\/b><\/span><\/span><\/p>\n<p><\/p>\n<p lang=\"ca-ES\" class=\"western\"><span><span lang=\"es-ES\">Cualquier persona puede retirar su consentimiento en cualquier momento, cuando el mismo se haya otorgado para el tratamiento de sus datos. En ning\u00fan caso, la retirada de este consentimiento condiciona la ejecuci\u00f3n del contrato de suscripci\u00f3n o las relaciones generadas con anterioridad.<\/span><\/span><\/p>\n<p><\/p>\n<p lang=\"ca-ES\" class=\"western\"><span><span lang=\"es-ES\">Igualmente, puede ejercer los siguientes derechos:<\/span><\/span><\/p>\n<p><\/p>\n<ul>\n<li>\n<p lang=\"ca-ES\" class=\"western\"><span><span lang=\"es-ES\">Solicitar el acceso a sus datos personales o su rectificaci\u00f3n cuando sean inexactos.<\/span><\/span><\/p>\n<\/li>\n<li>\n<p lang=\"ca-ES\" class=\"western\"><span><span lang=\"es-ES\">Solicitar su supresi\u00f3n cuando, entre otros motivos, los datos ya no sean necesarios para los fines para los que fueron recogidos.<\/span><\/span><\/p>\n<\/li>\n<li>\n<p lang=\"ca-ES\" class=\"western\"><span><span lang=\"es-ES\">Solicitar la limitaci\u00f3n de su tratamiento en determinadas circunstancias.<\/span><\/span><\/p>\n<\/li>\n<li>\n<p lang=\"ca-ES\" class=\"western\"><span><span lang=\"es-ES\">Solicitar la oposici\u00f3n al tratamiento de sus datos por motivos relacionados con su situaci\u00f3n particular.<\/span><\/span><\/p>\n<\/li>\n<li>\n<p lang=\"ca-ES\" class=\"western\"><span><span lang=\"es-ES\">Solicitar la portabilidad de los datos en los casos previstos en la normativa.<\/span><\/span><\/p>\n<\/li>\n<li>\n<p lang=\"ca-ES\" class=\"western\"><span><span lang=\"es-ES\">Otros derechos reconocidos en las normativas aplicables.<\/span><\/span><\/p>\n<\/li>\n<\/ul>\n<p><\/p>\n<p lang=\"ca-ES\" class=\"western\"><span><span lang=\"es-ES\">D\u00f3nde y c\u00f3mo solicitar sus Derechos: Mediante un escrito dirigido al responsable a su direcci\u00f3n postal o electr\u00f3nica (indicadas en el apartado A), indicando la referencia \u201cDatos Personales\u201d, especificando el derecho que se quiere ejercer y respecto a qu\u00e9 datos personales.<\/span><\/span><\/p>\n<p><\/p>\n<p lang=\"ca-ES\" class=\"western\"><span><span lang=\"es-ES\">En caso de divergencias con la empresa en relaci\u00f3n con el tratamiento de sus datos, puede presentar una reclamaci\u00f3n ante la Autoridad de Protecci\u00f3n de Datos (<a href=\"http:\/\/www.agpd.es\/\">www.agpd.es<\/a>).<\/span><\/span><\/p>\n<p><\/p>\n<p lang=\"ca-ES\" class=\"western\"><span><span lang=\"es-ES\"><b>Cookies<\/b><\/span><\/span><\/p>\n<p><\/p>\n<p lang=\"ca-ES\" class=\"western\"><span><span lang=\"es-ES\">Esta p\u00e1gina web utiliza cookies t\u00e9cnicas, de personalizaci\u00f3n, de an\u00e1lisis y publicitarias, propias y de terceros (Google Analytics), que en ning\u00fan caso tratan datos de car\u00e1cter personal, pero captan h\u00e1bitos de navegaci\u00f3n para fines estad\u00edsticos y publicitarios.<\/span><\/span><\/p>\n<p><\/p>\n<p lang=\"ca-ES\" class=\"western\"><span><span lang=\"es-ES\">Por ello, al acceder a nuestra web, en cumplimiento del art\u00edculo 22 de la Ley de Servicios de la Sociedad de la Informaci\u00f3n, al tratar cookies de an\u00e1lisis y publicitarias, le hemos solicitado su consentimiento para su uso y facilitado informaci\u00f3n de las mismas, que en todo caso se instalar\u00e1n pasado un plazo de tiempo prudencial para que el usuario tenga tiempo de decidir prestar su consentimiento o no.<\/span><\/span><\/p>\n<p><\/p>\n<p lang=\"ca-ES\" class=\"western\"><span><span lang=\"es-ES\"><b>Seguridad de sus datos personales<\/b><\/span><\/span><\/p>\n<p><\/p>\n<p lang=\"ca-ES\" class=\"western\"><span><span lang=\"es-ES\">Con el objetivo de salvaguardar la seguridad de sus datos personales, le informamos que hemos adoptado todas las medidas de \u00edndole t\u00e9cnica y organizativa necesarias para garantizar la seguridad de los datos personales suministrados de su alteraci\u00f3n, p\u00e9rdida, y tratamientos o accesos no autorizados.<\/span><\/span><\/p>\n<p><\/p>\n<p lang=\"ca-ES\" class=\"western\"><span><span lang=\"es-ES\"><b>Actualizaci\u00f3n de sus datos<\/b><\/span><\/span><\/p>\n<p><\/p>\n<p lang=\"ca-ES\" class=\"western\"><span><span lang=\"es-ES\">Es importante que para que podamos mantener sus datos personales actualizados, nos informe siempre que haya habido alguna modificaci\u00f3n en ellos, en caso contrario, no respondemos de la veracidad de los mismos.<\/span><\/span><\/p>\n<p><\/p>\n<p lang=\"ca-ES\" class=\"western\"><span><span lang=\"es-ES\">No nos hacemos responsables de la pol\u00edtica de privacidad respecto a los datos personales que pueda facilitar a terceros por medio de los enlaces disponibles en nuestra p\u00e1gina web.<\/span><\/span><\/p>\n<p><\/p>\n<p lang=\"ca-ES\" class=\"western\"><span><span lang=\"es-ES\">La presente Pol\u00edtica de Privacidad puede ser modificada para adaptarlas a los cambios que se produzca en nuestra web, as\u00ed como modificaciones legislativas o jurisprudenciales sobre datos personales que vayan apareciendo, por lo que exige su lectura, cada vez que nos facilite sus datos a trav\u00e9s de esta Web.<\/span><\/span><\/p>\n<p>[\/et_pb_text][\/et_pb_column][\/et_pb_row][\/et_pb_section]<\/p>\n","protected":false},"excerpt":{"rendered":"<p>Pol\u00edtica de privacidadLa confidencialidad y la seguridad son valores primordiales de CONSTEL\u00b7LATS\u00a0y, en consecuencia, asumimos el compromiso de garantizar la privacidad del Usuario en todo momento y de no recabar informaci\u00f3n innecesaria. A continuaci\u00f3n, le proporcionamos toda la informaci\u00f3n necesaria sobre nuestra Pol\u00edtica de Privacidad en relaci\u00f3n con los datos personales que recabamos, explic\u00e1ndole: Qui\u00e9n [&hellip;]<\/p>\n","protected":false},"author":1,"featured_media":0,"parent":0,"menu_order":0,"comment_status":"closed","ping_status":"open","template":"","meta":{"_et_pb_use_builder":"on","_et_pb_old_content":"","_et_gb_content_width":"","footnotes":""},"class_list":["post-28","page","type-page","status-publish","hentry"],"_links":{"self":[{"href":"https:\/\/constellats.cat\/es\/wp-json\/wp\/v2\/pages\/28","targetHints":{"allow":["GET"]}}],"collection":[{"href":"https:\/\/constellats.cat\/es\/wp-json\/wp\/v2\/pages"}],"about":[{"href":"https:\/\/constellats.cat\/es\/wp-json\/wp\/v2\/types\/page"}],"author":[{"embeddable":true,"href":"https:\/\/constellats.cat\/es\/wp-json\/wp\/v2\/users\/1"}],"replies":[{"embeddable":true,"href":"https:\/\/constellats.cat\/es\/wp-json\/wp\/v2\/comments?post=28"}],"version-history":[{"count":4,"href":"https:\/\/constellats.cat\/es\/wp-json\/wp\/v2\/pages\/28\/revisions"}],"predecessor-version":[{"id":237,"href":"https:\/\/constellats.cat\/es\/wp-json\/wp\/v2\/pages\/28\/revisions\/237"}],"wp:attachment":[{"href":"https:\/\/constellats.cat\/es\/wp-json\/wp\/v2\/media?parent=28"}],"curies":[{"name":"wp","href":"https:\/\/api.w.org\/{rel}","templated":true}]}}