{"id":121,"date":"2025-02-21T09:54:42","date_gmt":"2025-02-21T08:54:42","guid":{"rendered":"https:\/\/constellats.cat\/?page_id=121"},"modified":"2025-05-12T10:22:52","modified_gmt":"2025-05-12T08:22:52","slug":"productos-2","status":"publish","type":"page","link":"https:\/\/constellats.cat\/es\/productos-2\/","title":{"rendered":"Proyecto"},"content":{"rendered":"<p>[et_pb_section fb_built=\u00bb1&#8243; custom_padding_last_edited=\u00bbon|phone\u00bb _builder_version=\u00bb4.27.4&#8243; _module_preset=\u00bbdefault\u00bb background_image=\u00bbhttps:\/\/constellats.cat\/wp-content\/uploads\/2025\/02\/fons-header-constellats.jpg\u00bb custom_padding=\u00bb100px||||false|false\u00bb custom_padding_tablet=\u00bb100px||||false|false\u00bb custom_padding_phone=\u00bb40px||||false|false\u00bb global_colors_info=\u00bb{}\u00bb][et_pb_row _builder_version=\u00bb4.27.4&#8243; _module_preset=\u00bbdefault\u00bb global_colors_info=\u00bb{}\u00bb][et_pb_column type=\u00bb4_4&#8243; _builder_version=\u00bb4.27.4&#8243; _module_preset=\u00bbdefault\u00bb global_colors_info=\u00bb{}\u00bb][et_pb_text _builder_version=\u00bb4.27.4&#8243; _module_preset=\u00bbdefault\u00bb header_text_align=\u00bbcenter\u00bb header_text_color=\u00bb#FFFFFF\u00bb header_font_size=\u00bb64px\u00bb header_font_size_tablet=\u00bb64px\u00bb header_font_size_phone=\u00bb42px\u00bb header_font_size_last_edited=\u00bbon|phone\u00bb global_colors_info=\u00bb{}\u00bb]<\/p>\n<h1>Proyecto<\/h1>\n<p>[\/et_pb_text][\/et_pb_column][\/et_pb_row][\/et_pb_section][et_pb_section fb_built=\u00bb1&#8243; _builder_version=\u00bb4.27.4&#8243; _module_preset=\u00bbdefault\u00bb custom_padding=\u00bb120px||27px||false|false\u00bb global_colors_info=\u00bb{}\u00bb][et_pb_row column_structure=\u00bb1_2,1_2&#8243; _builder_version=\u00bb4.27.4&#8243; _module_preset=\u00bbdefault\u00bb custom_css_main_element=\u00bbdisplay: flex;||flex-wrap: wrap;||align-items: center;\u00bb global_colors_info=\u00bb{}\u00bb][et_pb_column type=\u00bb1_2&#8243; _builder_version=\u00bb4.27.4&#8243; _module_preset=\u00bbdefault\u00bb global_colors_info=\u00bb{}\u00bb custom_css_main_element_last_edited=\u00bbon|phone\u00bb custom_css_main_element_phone=\u00bborder: 2;||margin-top: 30px\u00bb][et_pb_text _builder_version=\u00bb4.27.4&#8243; _module_preset=\u00bbdefault\u00bb text_font=\u00bb|300|||||||\u00bb header_2_text_color=\u00bb#BF3324&#8243; header_2_font_size=\u00bb32px\u00bb global_colors_info=\u00bb{}\u00bb]<\/p>\n<h2>La apuesta por las levaduras aut\u00f3ctonas<\/h2>\n<p><\/p>\n<p>Constel\u00b7lats es uno de los primeros elaboradores de vinos naturales en el Priorat. Vinos con cero sulfitos. Las diferentes cepas de levaduras aut\u00f3ctonas presentes en la uva le aportan un car\u00e1cter singular ligado a los vi\u00f1edos de donde provienen. Siguiendo m\u00e9todos de elaboraci\u00f3n respetuosos con las variedades aut\u00f3ctonas, Constel\u00b7lats elabora vinos donde la garnacha es la reina. Esta garnacha se obtiene de una excepcional finca de altura ubicada en el pueblo de la Morera del Montsant, y de otra finca m\u00e1s c\u00e1lida, en la parte baja del Priorat, en Porrera. Constel\u00b7lats cree tanto con los vi\u00f1edos como con las manos que trabajan sus uvas, de ah\u00ed que no utilice ning\u00fan m\u00e9todo invasivo de crianza para modificar los gustos primarios de la fruta.<\/p>\n<p><\/p>\n<p>Constel\u00b7lats busca el vino ideal, donde esta fruta y los gustos primarios prevalezcan sobre cualquier otra caracter\u00edstica organol\u00e9ptica. Constel\u00b7lats tambi\u00e9n trabaja con la uva y su rasp\u00f3n, la cual aporta unos tonos especiados y \u00fanicos al vino, tan elegantes y caracter\u00edsticos. Constel\u00b7lats elabora vinos naturales en perfecto equilibrio con su entorno, el medio y la tradici\u00f3n centenaria del Priorat.<\/p>\n<p>[\/et_pb_text][\/et_pb_column][et_pb_column type=\u00bb1_2&#8243; _builder_version=\u00bb4.27.4&#8243; _module_preset=\u00bbdefault\u00bb global_colors_info=\u00bb{}\u00bb][et_pb_image src=\u00bbhttps:\/\/constellats.cat\/wp-content\/uploads\/2025\/02\/Natural.jpg\u00bb title_text=\u00bbNatural\u00bb _builder_version=\u00bb4.27.4&#8243; _module_preset=\u00bbdefault\u00bb global_colors_info=\u00bb{}\u00bb][\/et_pb_image][\/et_pb_column][\/et_pb_row][\/et_pb_section]<\/p>\n","protected":false},"excerpt":{"rendered":"<p>ProyectoLa apuesta por las levaduras aut\u00f3ctonasConstel\u00b7lats es uno de los primeros elaboradores de vinos naturales en el Priorat. Vinos con cero sulfitos. Las diferentes cepas de levaduras aut\u00f3ctonas presentes en la uva le aportan un car\u00e1cter singular ligado a los vi\u00f1edos de donde provienen. Siguiendo m\u00e9todos de elaboraci\u00f3n respetuosos con las variedades aut\u00f3ctonas, Constel\u00b7lats elabora [&hellip;]<\/p>\n","protected":false},"author":2,"featured_media":0,"parent":0,"menu_order":0,"comment_status":"closed","ping_status":"closed","template":"","meta":{"_et_pb_use_builder":"on","_et_pb_old_content":"","_et_gb_content_width":"","footnotes":""},"class_list":["post-121","page","type-page","status-publish","hentry"],"_links":{"self":[{"href":"https:\/\/constellats.cat\/es\/wp-json\/wp\/v2\/pages\/121","targetHints":{"allow":["GET"]}}],"collection":[{"href":"https:\/\/constellats.cat\/es\/wp-json\/wp\/v2\/pages"}],"about":[{"href":"https:\/\/constellats.cat\/es\/wp-json\/wp\/v2\/types\/page"}],"author":[{"embeddable":true,"href":"https:\/\/constellats.cat\/es\/wp-json\/wp\/v2\/users\/2"}],"replies":[{"embeddable":true,"href":"https:\/\/constellats.cat\/es\/wp-json\/wp\/v2\/comments?post=121"}],"version-history":[{"count":4,"href":"https:\/\/constellats.cat\/es\/wp-json\/wp\/v2\/pages\/121\/revisions"}],"predecessor-version":[{"id":240,"href":"https:\/\/constellats.cat\/es\/wp-json\/wp\/v2\/pages\/121\/revisions\/240"}],"wp:attachment":[{"href":"https:\/\/constellats.cat\/es\/wp-json\/wp\/v2\/media?parent=121"}],"curies":[{"name":"wp","href":"https:\/\/api.w.org\/{rel}","templated":true}]}}